{"id":12799,"date":"2023-12-15T08:24:39","date_gmt":"2023-12-15T09:36:25","guid":{"rendered":"https:\/\/olisolivellas.com\/?post_type=product&#038;p=12799"},"modified":"2026-01-26T09:49:37","modified_gmt":"2026-01-26T09:49:37","slug":"3-botelles-oove-oli-solivellas-ecologic","status":"publish","type":"product","link":"https:\/\/olisolivellas.com\/ca\/producto\/3-botelles-oove-oli-solivellas-ecologic\/","title":{"rendered":"Pack de 3 botelles 500 ml Oli Solivellas Ecol\u00f2gic"},"content":{"rendered":"<p>Botelles de 500 ml.<\/p>\n<p>Oli d&#8217;Oliva Verge Extra de les nostres oliveres, de les varietats picual i arbequina, i de producci\u00f3 limitada. Obtingut de la nostra finca Son Galiot, al municipi de Selva, a les faldes de la Serra de Tramuntana.<\/p>\n<p>Varietat d&#8217;olives: Arbequina i picual<br \/>\nElaboraci\u00f3: Centrifugaci\u00f3<br \/>\nProced\u00e8ncia: Son Galiot (Selva)<br \/>\nRecollida: Primera quinzena de novembre<br \/>\nGrau acidesa: 0.1% \u00e0cid oleic<br \/>\nAnal\u00edtica sensorial: poma, carxofa, herba verda, ametlla tendra, tom\u00e0quet, menta, fruita madura, nous i pl\u00e0tan.<\/p>\n<p>&nbsp;<\/p>\n<p>El dibuix pertany a la tela 115 de la f\u00e0brica de teixits artesans Teixits Vicens, a Pollen\u00e7a<\/p>\n","protected":false},"excerpt":{"rendered":"<p>OOVE amb denominaci\u00f3 d&#8217;origen Oli de Mallorca obtingut de les oliveres de la nostra Finca ecol\u00f2gica Son Galiot, presentat en ampolla de 500 ml. amb decoraci\u00f3 de teles de lleng\u00fces originals de Teixits Vicens (Pollen\u00e7a)<\/p>\n<p>&nbsp;<\/p>\n","protected":false},"featured_media":12779,"template":"","meta":[],"product_cat":[302],"product_tag":[],"yoast_head":"<!-- This site is optimized with the Yoast SEO plugin v22.9 - https:\/\/yoast.com\/wordpress\/plugins\/seo\/ -->\n<title>Pack 3 Botelles OOVE Solivellas Ecol\u00f2gic - Solivellas<\/title>\n<meta name=\"description\" content=\"Pack de 3 botelles d&#039;OOVE ecol\u00f2gic Solivellas. Respecte pel medi ambient i qualitat superior. Compra avui!\" \/>\n<meta name=\"robots\" content=\"index, follow, max-snippet:-1, max-image-preview:large, max-video-preview:-1\" \/>\n<link rel=\"canonical\" href=\"https:\/\/olisolivellas.com\/ca\/producto\/3-botelles-oove-oli-solivellas-ecologic\/\" \/>\n<meta property=\"og:locale\" content=\"ca_ES\" \/>\n<meta property=\"og:type\" content=\"article\" \/>\n<meta property=\"og:title\" content=\"Pack 3 Botelles OOVE Solivellas Ecol\u00f2gic - Solivellas\" \/>\n<meta property=\"og:description\" content=\"Pack de 3 botelles d&#039;OOVE ecol\u00f2gic Solivellas. Respecte pel medi ambient i qualitat superior. Compra avui!\" \/>\n<meta property=\"og:url\" content=\"https:\/\/olisolivellas.com\/ca\/producto\/3-botelles-oove-oli-solivellas-ecologic\/\" \/>\n<meta property=\"og:site_name\" content=\"OLI SOLIVELLAS | La esencia de Mallorca\" \/>\n<meta property=\"article:publisher\" content=\"https:\/\/es-es.facebook.com\/OliSolivellas\" \/>\n<meta property=\"article:modified_time\" content=\"2026-01-26T09:49:37+00:00\" \/>\n<meta property=\"og:image\" content=\"https:\/\/olisolivellas.com\/wp-content\/uploads\/2022\/01\/raw-226-scaled.jpg\" \/>\n\t<meta property=\"og:image:width\" content=\"1707\" \/>\n\t<meta property=\"og:image:height\" content=\"2560\" \/>\n\t<meta property=\"og:image:type\" content=\"image\/jpeg\" \/>\n<meta name=\"twitter:card\" content=\"summary_large_image\" \/>\n<meta name=\"twitter:site\" content=\"@OliSolivellas\" \/>\n<meta name=\"twitter:label1\" content=\"Temps estimat de lectura\" \/>\n\t<meta name=\"twitter:data1\" content=\"1 minut\" \/>\n<script type=\"application\/ld+json\" class=\"yoast-schema-graph\">{\"@context\":\"https:\/\/schema.org\",\"@graph\":[{\"@type\":\"WebPage\",\"@id\":\"https:\/\/olisolivellas.com\/ca\/producto\/3-botelles-oove-oli-solivellas-ecologic\/\",\"url\":\"https:\/\/olisolivellas.com\/ca\/producto\/3-botelles-oove-oli-solivellas-ecologic\/\",\"name\":\"Pack 3 Botelles OOVE Solivellas Ecol\u00f2gic - Solivellas\",\"isPartOf\":{\"@id\":\"https:\/\/olisolivellas.com\/ca\/#website\"},\"primaryImageOfPage\":{\"@id\":\"https:\/\/olisolivellas.com\/ca\/producto\/3-botelles-oove-oli-solivellas-ecologic\/#primaryimage\"},\"image\":{\"@id\":\"https:\/\/olisolivellas.com\/ca\/producto\/3-botelles-oove-oli-solivellas-ecologic\/#primaryimage\"},\"thumbnailUrl\":\"https:\/\/olisolivellas.com\/wp-content\/uploads\/2022\/01\/raw-226-scaled.jpg\",\"datePublished\":\"2023-12-15T09:36:25+00:00\",\"dateModified\":\"2026-01-26T09:49:37+00:00\",\"description\":\"Pack de 3 botelles d'OOVE ecol\u00f2gic Solivellas. Respecte pel medi ambient i qualitat superior. Compra avui!\",\"breadcrumb\":{\"@id\":\"https:\/\/olisolivellas.com\/ca\/producto\/3-botelles-oove-oli-solivellas-ecologic\/#breadcrumb\"},\"inLanguage\":\"ca\",\"potentialAction\":[{\"@type\":\"ReadAction\",\"target\":[\"https:\/\/olisolivellas.com\/ca\/producto\/3-botelles-oove-oli-solivellas-ecologic\/\"]}]},{\"@type\":\"ImageObject\",\"inLanguage\":\"ca\",\"@id\":\"https:\/\/olisolivellas.com\/ca\/producto\/3-botelles-oove-oli-solivellas-ecologic\/#primaryimage\",\"url\":\"https:\/\/olisolivellas.com\/wp-content\/uploads\/2022\/01\/raw-226-scaled.jpg\",\"contentUrl\":\"https:\/\/olisolivellas.com\/wp-content\/uploads\/2022\/01\/raw-226-scaled.jpg\",\"width\":1707,\"height\":2560,\"caption\":\"Botella de aceite de oliva virgen extra RAW 226 de Olis Solivellas, edici\u00f3n limitada.\"},{\"@type\":\"BreadcrumbList\",\"@id\":\"https:\/\/olisolivellas.com\/ca\/producto\/3-botelles-oove-oli-solivellas-ecologic\/#breadcrumb\",\"itemListElement\":[{\"@type\":\"ListItem\",\"position\":1,\"name\":\"Portada\",\"item\":\"https:\/\/olisolivellas.com\/ca\/\"},{\"@type\":\"ListItem\",\"position\":2,\"name\":\"Tenda online\",\"item\":\"https:\/\/olisolivellas.com\/ca\/tienda\/\"},{\"@type\":\"ListItem\",\"position\":3,\"name\":\"Pack de 3 botelles 500 ml Oli Solivellas Ecol\u00f2gic\"}]},{\"@type\":\"WebSite\",\"@id\":\"https:\/\/olisolivellas.com\/ca\/#website\",\"url\":\"https:\/\/olisolivellas.com\/ca\/\",\"name\":\"OLI SOLIVELLAS | La esencia de Mallorca\",\"description\":\"Oli de Mallorca, Denominaci\u00f3 de Origen Protegida\",\"publisher\":{\"@id\":\"https:\/\/olisolivellas.com\/ca\/#organization\"},\"potentialAction\":[{\"@type\":\"SearchAction\",\"target\":{\"@type\":\"EntryPoint\",\"urlTemplate\":\"https:\/\/olisolivellas.com\/ca\/?s={search_term_string}\"},\"query-input\":\"required name=search_term_string\"}],\"inLanguage\":\"ca\"},{\"@type\":\"Organization\",\"@id\":\"https:\/\/olisolivellas.com\/ca\/#organization\",\"name\":\"Oli Solivellas\",\"alternateName\":\"Solivellas\",\"url\":\"https:\/\/olisolivellas.com\/ca\/\",\"logo\":{\"@type\":\"ImageObject\",\"inLanguage\":\"ca\",\"@id\":\"https:\/\/olisolivellas.com\/ca\/#\/schema\/logo\/image\/\",\"url\":\"https:\/\/olisolivellas.com\/wp-content\/uploads\/2018\/04\/logo.png\",\"contentUrl\":\"https:\/\/olisolivellas.com\/wp-content\/uploads\/2018\/04\/logo.png\",\"width\":238,\"height\":46,\"caption\":\"Oli Solivellas\"},\"image\":{\"@id\":\"https:\/\/olisolivellas.com\/ca\/#\/schema\/logo\/image\/\"},\"sameAs\":[\"https:\/\/es-es.facebook.com\/OliSolivellas\",\"https:\/\/x.com\/OliSolivellas\",\"https:\/\/www.instagram.com\/oli_solivellas\/\"]}]}<\/script>\n<!-- \/ Yoast SEO plugin. -->","yoast_head_json":{"title":"Pack 3 Botelles OOVE Solivellas Ecol\u00f2gic - Solivellas","description":"Pack de 3 botelles d'OOVE ecol\u00f2gic Solivellas. Respecte pel medi ambient i qualitat superior. Compra avui!","robots":{"index":"index","follow":"follow","max-snippet":"max-snippet:-1","max-image-preview":"max-image-preview:large","max-video-preview":"max-video-preview:-1"},"canonical":"https:\/\/olisolivellas.com\/ca\/producto\/3-botelles-oove-oli-solivellas-ecologic\/","og_locale":"ca_ES","og_type":"article","og_title":"Pack 3 Botelles OOVE Solivellas Ecol\u00f2gic - Solivellas","og_description":"Pack de 3 botelles d'OOVE ecol\u00f2gic Solivellas. Respecte pel medi ambient i qualitat superior. Compra avui!","og_url":"https:\/\/olisolivellas.com\/ca\/producto\/3-botelles-oove-oli-solivellas-ecologic\/","og_site_name":"OLI SOLIVELLAS | La esencia de Mallorca","article_publisher":"https:\/\/es-es.facebook.com\/OliSolivellas","article_modified_time":"2026-01-26T09:49:37+00:00","og_image":[{"width":1707,"height":2560,"url":"https:\/\/olisolivellas.com\/wp-content\/uploads\/2022\/01\/raw-226-scaled.jpg","type":"image\/jpeg"}],"twitter_card":"summary_large_image","twitter_site":"@OliSolivellas","twitter_misc":{"Temps estimat de lectura":"1 minut"},"schema":{"@context":"https:\/\/schema.org","@graph":[{"@type":"WebPage","@id":"https:\/\/olisolivellas.com\/ca\/producto\/3-botelles-oove-oli-solivellas-ecologic\/","url":"https:\/\/olisolivellas.com\/ca\/producto\/3-botelles-oove-oli-solivellas-ecologic\/","name":"Pack 3 Botelles OOVE Solivellas Ecol\u00f2gic - Solivellas","isPartOf":{"@id":"https:\/\/olisolivellas.com\/ca\/#website"},"primaryImageOfPage":{"@id":"https:\/\/olisolivellas.com\/ca\/producto\/3-botelles-oove-oli-solivellas-ecologic\/#primaryimage"},"image":{"@id":"https:\/\/olisolivellas.com\/ca\/producto\/3-botelles-oove-oli-solivellas-ecologic\/#primaryimage"},"thumbnailUrl":"https:\/\/olisolivellas.com\/wp-content\/uploads\/2022\/01\/raw-226-scaled.jpg","datePublished":"2023-12-15T09:36:25+00:00","dateModified":"2026-01-26T09:49:37+00:00","description":"Pack de 3 botelles d'OOVE ecol\u00f2gic Solivellas. Respecte pel medi ambient i qualitat superior. Compra avui!","breadcrumb":{"@id":"https:\/\/olisolivellas.com\/ca\/producto\/3-botelles-oove-oli-solivellas-ecologic\/#breadcrumb"},"inLanguage":"ca","potentialAction":[{"@type":"ReadAction","target":["https:\/\/olisolivellas.com\/ca\/producto\/3-botelles-oove-oli-solivellas-ecologic\/"]}]},{"@type":"ImageObject","inLanguage":"ca","@id":"https:\/\/olisolivellas.com\/ca\/producto\/3-botelles-oove-oli-solivellas-ecologic\/#primaryimage","url":"https:\/\/olisolivellas.com\/wp-content\/uploads\/2022\/01\/raw-226-scaled.jpg","contentUrl":"https:\/\/olisolivellas.com\/wp-content\/uploads\/2022\/01\/raw-226-scaled.jpg","width":1707,"height":2560,"caption":"Botella de aceite de oliva virgen extra RAW 226 de Olis Solivellas, edici\u00f3n limitada."},{"@type":"BreadcrumbList","@id":"https:\/\/olisolivellas.com\/ca\/producto\/3-botelles-oove-oli-solivellas-ecologic\/#breadcrumb","itemListElement":[{"@type":"ListItem","position":1,"name":"Portada","item":"https:\/\/olisolivellas.com\/ca\/"},{"@type":"ListItem","position":2,"name":"Tenda online","item":"https:\/\/olisolivellas.com\/ca\/tienda\/"},{"@type":"ListItem","position":3,"name":"Pack de 3 botelles 500 ml Oli Solivellas Ecol\u00f2gic"}]},{"@type":"WebSite","@id":"https:\/\/olisolivellas.com\/ca\/#website","url":"https:\/\/olisolivellas.com\/ca\/","name":"OLI SOLIVELLAS | La esencia de Mallorca","description":"Oli de Mallorca, Denominaci\u00f3 de Origen Protegida","publisher":{"@id":"https:\/\/olisolivellas.com\/ca\/#organization"},"potentialAction":[{"@type":"SearchAction","target":{"@type":"EntryPoint","urlTemplate":"https:\/\/olisolivellas.com\/ca\/?s={search_term_string}"},"query-input":"required name=search_term_string"}],"inLanguage":"ca"},{"@type":"Organization","@id":"https:\/\/olisolivellas.com\/ca\/#organization","name":"Oli Solivellas","alternateName":"Solivellas","url":"https:\/\/olisolivellas.com\/ca\/","logo":{"@type":"ImageObject","inLanguage":"ca","@id":"https:\/\/olisolivellas.com\/ca\/#\/schema\/logo\/image\/","url":"https:\/\/olisolivellas.com\/wp-content\/uploads\/2018\/04\/logo.png","contentUrl":"https:\/\/olisolivellas.com\/wp-content\/uploads\/2018\/04\/logo.png","width":238,"height":46,"caption":"Oli Solivellas"},"image":{"@id":"https:\/\/olisolivellas.com\/ca\/#\/schema\/logo\/image\/"},"sameAs":["https:\/\/es-es.facebook.com\/OliSolivellas","https:\/\/x.com\/OliSolivellas","https:\/\/www.instagram.com\/oli_solivellas\/"]}]}},"_links":{"self":[{"href":"https:\/\/olisolivellas.com\/ca\/wp-json\/wp\/v2\/product\/12799"}],"collection":[{"href":"https:\/\/olisolivellas.com\/ca\/wp-json\/wp\/v2\/product"}],"about":[{"href":"https:\/\/olisolivellas.com\/ca\/wp-json\/wp\/v2\/types\/product"}],"wp:featuredmedia":[{"embeddable":true,"href":"https:\/\/olisolivellas.com\/ca\/wp-json\/wp\/v2\/media\/12779"}],"wp:attachment":[{"href":"https:\/\/olisolivellas.com\/ca\/wp-json\/wp\/v2\/media?parent=12799"}],"wp:term":[{"taxonomy":"product_cat","embeddable":true,"href":"https:\/\/olisolivellas.com\/ca\/wp-json\/wp\/v2\/product_cat?post=12799"},{"taxonomy":"product_tag","embeddable":true,"href":"https:\/\/olisolivellas.com\/ca\/wp-json\/wp\/v2\/product_tag?post=12799"}],"curies":[{"name":"wp","href":"https:\/\/api.w.org\/{rel}","templated":true}]}}