{"id":14006,"date":"2024-01-09T10:41:47","date_gmt":"2024-01-09T10:41:47","guid":{"rendered":"https:\/\/olisolivellas.com\/producto\/6-botellas-aove-ecologico\/"},"modified":"2025-06-10T09:42:55","modified_gmt":"2025-06-10T09:42:55","slug":"6-flaschen-evoo-oli-solivellas-bio","status":"publish","type":"product","link":"https:\/\/olisolivellas.com\/de\/producto\/6-flaschen-evoo-oli-solivellas-bio\/","title":{"rendered":"6 Flaschen EVOO Oli Solivellas Bio 100 ml."},"content":{"rendered":"<p>100 ml Flaschen.<\/p>\n<p>EXTRA NATIVES Oliven\u00f6l von unseren Olivenb\u00e4umen, aus den Sorten Picual und Arbequina und aus begrenzter Produktion. Erhalten von unserer Farm Son Galiot in der Stadt Selva in der Serra de Tramuntana.<\/p>\n<p>Olivensorte: Arbequina und Picual<br \/>\nVorbereitung: Zentrifugation<br \/>\nHerkunft: Son Galiot (Dschungel)<br \/>\nAbholung: Erste Novemberh\u00e4lfte<br \/>\nS\u00e4uregehalt: 0,1 % \u00d6ls\u00e4ure<br \/>\nSensorische Analyse: Apfel, Artischocke, gr\u00fcnes Gras, junge Mandel, Tomate, Minze, reife Fr\u00fcchte, Waln\u00fcsse und Banane.<\/p>\n<p>&nbsp;<\/p>\n<p>Die Zeichnung geh\u00f6rt zum Stoff 105 Blau aus der handwerklichen Stofffabrik Teixits Vicens in Pollen\u00e7a<\/p>\n","protected":false},"excerpt":{"rendered":"<p>Natives Oliven\u00f6l mit der Herkunftsbezeichnung Oli de Mallorca, gewonnen aus den Olivenhainen unseres Bio-Bauernhofs Son Galiot, pr\u00e4sentiert in einer 100-ml-Flasche. mit Originaldekoration von Teixits Vicens (Pollen\u00e7a)<\/p>\n<p><strong>F\u00fcr dieses Produkt fallen Verpackungskosten von +4,50 \u20ac an.<\/strong><\/p>\n","protected":false},"featured_media":12777,"template":"","meta":[],"product_cat":[304],"product_tag":[],"yoast_head":"<!-- This site is optimized with the Yoast SEO plugin v22.9 - https:\/\/yoast.com\/wordpress\/plugins\/seo\/ -->\n<title>Pack 6 Botellas AOVE Ecol\u00f3gico - Solivellas<\/title>\n<meta name=\"description\" content=\"Pack de 6 botellas de AOVE ecol\u00f3gico. Respeta el medio ambiente y disfruta del mejor aceite. \u00a1P\u00eddelo hoy!\" \/>\n<meta name=\"robots\" content=\"index, follow, max-snippet:-1, max-image-preview:large, max-video-preview:-1\" \/>\n<link rel=\"canonical\" href=\"https:\/\/olisolivellas.com\/de\/producto\/6-flaschen-evoo-oli-solivellas-bio\/\" \/>\n<meta property=\"og:locale\" content=\"de_DE\" \/>\n<meta property=\"og:type\" content=\"article\" \/>\n<meta property=\"og:title\" content=\"Pack 6 Botellas AOVE Ecol\u00f3gico - Solivellas\" \/>\n<meta property=\"og:description\" content=\"Pack de 6 botellas de AOVE ecol\u00f3gico. Respeta el medio ambiente y disfruta del mejor aceite. \u00a1P\u00eddelo hoy!\" \/>\n<meta property=\"og:url\" content=\"https:\/\/olisolivellas.com\/de\/producto\/6-flaschen-evoo-oli-solivellas-bio\/\" \/>\n<meta property=\"og:site_name\" content=\"OLI SOLIVELLAS | La esencia de Mallorca\" \/>\n<meta property=\"article:publisher\" content=\"https:\/\/es-es.facebook.com\/OliSolivellas\" \/>\n<meta property=\"article:modified_time\" content=\"2025-06-10T09:42:55+00:00\" \/>\n<meta property=\"og:image\" content=\"https:\/\/olisolivellas.com\/wp-content\/uploads\/2022\/01\/raw-232-scaled.jpg\" \/>\n\t<meta property=\"og:image:width\" content=\"1707\" \/>\n\t<meta property=\"og:image:height\" content=\"2560\" \/>\n\t<meta property=\"og:image:type\" content=\"image\/jpeg\" \/>\n<meta name=\"twitter:card\" content=\"summary_large_image\" \/>\n<meta name=\"twitter:site\" content=\"@OliSolivellas\" \/>\n<meta name=\"twitter:label1\" content=\"Gesch\u00e4tzte Lesezeit\" \/>\n\t<meta name=\"twitter:data1\" content=\"1\u00a0Minute\" \/>\n<script type=\"application\/ld+json\" class=\"yoast-schema-graph\">{\"@context\":\"https:\/\/schema.org\",\"@graph\":[{\"@type\":\"WebPage\",\"@id\":\"https:\/\/olisolivellas.com\/de\/producto\/6-flaschen-evoo-oli-solivellas-bio\/\",\"url\":\"https:\/\/olisolivellas.com\/de\/producto\/6-flaschen-evoo-oli-solivellas-bio\/\",\"name\":\"Pack 6 Botellas AOVE Ecol\u00f3gico - Solivellas\",\"isPartOf\":{\"@id\":\"https:\/\/olisolivellas.com\/de\/#website\"},\"primaryImageOfPage\":{\"@id\":\"https:\/\/olisolivellas.com\/de\/producto\/6-flaschen-evoo-oli-solivellas-bio\/#primaryimage\"},\"image\":{\"@id\":\"https:\/\/olisolivellas.com\/de\/producto\/6-flaschen-evoo-oli-solivellas-bio\/#primaryimage\"},\"thumbnailUrl\":\"https:\/\/olisolivellas.com\/wp-content\/uploads\/2022\/01\/raw-232-scaled.jpg\",\"datePublished\":\"2024-01-09T10:41:47+00:00\",\"dateModified\":\"2025-06-10T09:42:55+00:00\",\"description\":\"Pack de 6 botellas de AOVE ecol\u00f3gico. Respeta el medio ambiente y disfruta del mejor aceite. \u00a1P\u00eddelo hoy!\",\"breadcrumb\":{\"@id\":\"https:\/\/olisolivellas.com\/de\/producto\/6-flaschen-evoo-oli-solivellas-bio\/#breadcrumb\"},\"inLanguage\":\"de\",\"potentialAction\":[{\"@type\":\"ReadAction\",\"target\":[\"https:\/\/olisolivellas.com\/de\/producto\/6-flaschen-evoo-oli-solivellas-bio\/\"]}]},{\"@type\":\"ImageObject\",\"inLanguage\":\"de\",\"@id\":\"https:\/\/olisolivellas.com\/de\/producto\/6-flaschen-evoo-oli-solivellas-bio\/#primaryimage\",\"url\":\"https:\/\/olisolivellas.com\/wp-content\/uploads\/2022\/01\/raw-232-scaled.jpg\",\"contentUrl\":\"https:\/\/olisolivellas.com\/wp-content\/uploads\/2022\/01\/raw-232-scaled.jpg\",\"width\":1707,\"height\":2560,\"caption\":\"Botella de aceite de oliva virgen extra RAW 232 de Olis Solivellas, calidad premium.\"},{\"@type\":\"BreadcrumbList\",\"@id\":\"https:\/\/olisolivellas.com\/de\/producto\/6-flaschen-evoo-oli-solivellas-bio\/#breadcrumb\",\"itemListElement\":[{\"@type\":\"ListItem\",\"position\":1,\"name\":\"Portada\",\"item\":\"https:\/\/olisolivellas.com\/de\/\"},{\"@type\":\"ListItem\",\"position\":2,\"name\":\"Online-Shop\",\"item\":\"https:\/\/olisolivellas.com\/de\/tienda\/\"},{\"@type\":\"ListItem\",\"position\":3,\"name\":\"6 Flaschen EVOO Oli Solivellas Bio 100 ml.\"}]},{\"@type\":\"WebSite\",\"@id\":\"https:\/\/olisolivellas.com\/de\/#website\",\"url\":\"https:\/\/olisolivellas.com\/de\/\",\"name\":\"OLI SOLIVELLAS | La esencia de Mallorca\",\"description\":\"Oli de Mallorca, Denominaci\u00f3 de Origen Protegida\",\"publisher\":{\"@id\":\"https:\/\/olisolivellas.com\/de\/#organization\"},\"potentialAction\":[{\"@type\":\"SearchAction\",\"target\":{\"@type\":\"EntryPoint\",\"urlTemplate\":\"https:\/\/olisolivellas.com\/de\/?s={search_term_string}\"},\"query-input\":\"required name=search_term_string\"}],\"inLanguage\":\"de\"},{\"@type\":\"Organization\",\"@id\":\"https:\/\/olisolivellas.com\/de\/#organization\",\"name\":\"Oli Solivellas\",\"alternateName\":\"Solivellas\",\"url\":\"https:\/\/olisolivellas.com\/de\/\",\"logo\":{\"@type\":\"ImageObject\",\"inLanguage\":\"de\",\"@id\":\"https:\/\/olisolivellas.com\/de\/#\/schema\/logo\/image\/\",\"url\":\"https:\/\/olisolivellas.com\/wp-content\/uploads\/2018\/04\/logo.png\",\"contentUrl\":\"https:\/\/olisolivellas.com\/wp-content\/uploads\/2018\/04\/logo.png\",\"width\":238,\"height\":46,\"caption\":\"Oli Solivellas\"},\"image\":{\"@id\":\"https:\/\/olisolivellas.com\/de\/#\/schema\/logo\/image\/\"},\"sameAs\":[\"https:\/\/es-es.facebook.com\/OliSolivellas\",\"https:\/\/x.com\/OliSolivellas\",\"https:\/\/www.instagram.com\/oli_solivellas\/\"]}]}<\/script>\n<!-- \/ Yoast SEO plugin. -->","yoast_head_json":{"title":"Pack 6 Botellas AOVE Ecol\u00f3gico - Solivellas","description":"Pack de 6 botellas de AOVE ecol\u00f3gico. Respeta el medio ambiente y disfruta del mejor aceite. \u00a1P\u00eddelo hoy!","robots":{"index":"index","follow":"follow","max-snippet":"max-snippet:-1","max-image-preview":"max-image-preview:large","max-video-preview":"max-video-preview:-1"},"canonical":"https:\/\/olisolivellas.com\/de\/producto\/6-flaschen-evoo-oli-solivellas-bio\/","og_locale":"de_DE","og_type":"article","og_title":"Pack 6 Botellas AOVE Ecol\u00f3gico - Solivellas","og_description":"Pack de 6 botellas de AOVE ecol\u00f3gico. Respeta el medio ambiente y disfruta del mejor aceite. \u00a1P\u00eddelo hoy!","og_url":"https:\/\/olisolivellas.com\/de\/producto\/6-flaschen-evoo-oli-solivellas-bio\/","og_site_name":"OLI SOLIVELLAS | La esencia de Mallorca","article_publisher":"https:\/\/es-es.facebook.com\/OliSolivellas","article_modified_time":"2025-06-10T09:42:55+00:00","og_image":[{"width":1707,"height":2560,"url":"https:\/\/olisolivellas.com\/wp-content\/uploads\/2022\/01\/raw-232-scaled.jpg","type":"image\/jpeg"}],"twitter_card":"summary_large_image","twitter_site":"@OliSolivellas","twitter_misc":{"Gesch\u00e4tzte Lesezeit":"1\u00a0Minute"},"schema":{"@context":"https:\/\/schema.org","@graph":[{"@type":"WebPage","@id":"https:\/\/olisolivellas.com\/de\/producto\/6-flaschen-evoo-oli-solivellas-bio\/","url":"https:\/\/olisolivellas.com\/de\/producto\/6-flaschen-evoo-oli-solivellas-bio\/","name":"Pack 6 Botellas AOVE Ecol\u00f3gico - Solivellas","isPartOf":{"@id":"https:\/\/olisolivellas.com\/de\/#website"},"primaryImageOfPage":{"@id":"https:\/\/olisolivellas.com\/de\/producto\/6-flaschen-evoo-oli-solivellas-bio\/#primaryimage"},"image":{"@id":"https:\/\/olisolivellas.com\/de\/producto\/6-flaschen-evoo-oli-solivellas-bio\/#primaryimage"},"thumbnailUrl":"https:\/\/olisolivellas.com\/wp-content\/uploads\/2022\/01\/raw-232-scaled.jpg","datePublished":"2024-01-09T10:41:47+00:00","dateModified":"2025-06-10T09:42:55+00:00","description":"Pack de 6 botellas de AOVE ecol\u00f3gico. Respeta el medio ambiente y disfruta del mejor aceite. \u00a1P\u00eddelo hoy!","breadcrumb":{"@id":"https:\/\/olisolivellas.com\/de\/producto\/6-flaschen-evoo-oli-solivellas-bio\/#breadcrumb"},"inLanguage":"de","potentialAction":[{"@type":"ReadAction","target":["https:\/\/olisolivellas.com\/de\/producto\/6-flaschen-evoo-oli-solivellas-bio\/"]}]},{"@type":"ImageObject","inLanguage":"de","@id":"https:\/\/olisolivellas.com\/de\/producto\/6-flaschen-evoo-oli-solivellas-bio\/#primaryimage","url":"https:\/\/olisolivellas.com\/wp-content\/uploads\/2022\/01\/raw-232-scaled.jpg","contentUrl":"https:\/\/olisolivellas.com\/wp-content\/uploads\/2022\/01\/raw-232-scaled.jpg","width":1707,"height":2560,"caption":"Botella de aceite de oliva virgen extra RAW 232 de Olis Solivellas, calidad premium."},{"@type":"BreadcrumbList","@id":"https:\/\/olisolivellas.com\/de\/producto\/6-flaschen-evoo-oli-solivellas-bio\/#breadcrumb","itemListElement":[{"@type":"ListItem","position":1,"name":"Portada","item":"https:\/\/olisolivellas.com\/de\/"},{"@type":"ListItem","position":2,"name":"Online-Shop","item":"https:\/\/olisolivellas.com\/de\/tienda\/"},{"@type":"ListItem","position":3,"name":"6 Flaschen EVOO Oli Solivellas Bio 100 ml."}]},{"@type":"WebSite","@id":"https:\/\/olisolivellas.com\/de\/#website","url":"https:\/\/olisolivellas.com\/de\/","name":"OLI SOLIVELLAS | La esencia de Mallorca","description":"Oli de Mallorca, Denominaci\u00f3 de Origen Protegida","publisher":{"@id":"https:\/\/olisolivellas.com\/de\/#organization"},"potentialAction":[{"@type":"SearchAction","target":{"@type":"EntryPoint","urlTemplate":"https:\/\/olisolivellas.com\/de\/?s={search_term_string}"},"query-input":"required name=search_term_string"}],"inLanguage":"de"},{"@type":"Organization","@id":"https:\/\/olisolivellas.com\/de\/#organization","name":"Oli Solivellas","alternateName":"Solivellas","url":"https:\/\/olisolivellas.com\/de\/","logo":{"@type":"ImageObject","inLanguage":"de","@id":"https:\/\/olisolivellas.com\/de\/#\/schema\/logo\/image\/","url":"https:\/\/olisolivellas.com\/wp-content\/uploads\/2018\/04\/logo.png","contentUrl":"https:\/\/olisolivellas.com\/wp-content\/uploads\/2018\/04\/logo.png","width":238,"height":46,"caption":"Oli Solivellas"},"image":{"@id":"https:\/\/olisolivellas.com\/de\/#\/schema\/logo\/image\/"},"sameAs":["https:\/\/es-es.facebook.com\/OliSolivellas","https:\/\/x.com\/OliSolivellas","https:\/\/www.instagram.com\/oli_solivellas\/"]}]}},"_links":{"self":[{"href":"https:\/\/olisolivellas.com\/de\/wp-json\/wp\/v2\/product\/14006"}],"collection":[{"href":"https:\/\/olisolivellas.com\/de\/wp-json\/wp\/v2\/product"}],"about":[{"href":"https:\/\/olisolivellas.com\/de\/wp-json\/wp\/v2\/types\/product"}],"wp:featuredmedia":[{"embeddable":true,"href":"https:\/\/olisolivellas.com\/de\/wp-json\/wp\/v2\/media\/12777"}],"wp:attachment":[{"href":"https:\/\/olisolivellas.com\/de\/wp-json\/wp\/v2\/media?parent=14006"}],"wp:term":[{"taxonomy":"product_cat","embeddable":true,"href":"https:\/\/olisolivellas.com\/de\/wp-json\/wp\/v2\/product_cat?post=14006"},{"taxonomy":"product_tag","embeddable":true,"href":"https:\/\/olisolivellas.com\/de\/wp-json\/wp\/v2\/product_tag?post=14006"}],"curies":[{"name":"wp","href":"https:\/\/api.w.org\/{rel}","templated":true}]}}