{"id":9506,"date":"2015-04-16T11:45:25","date_gmt":"2015-04-16T11:45:25","guid":{"rendered":"https:\/\/olisolivellas.com\/producto\/3-botellas-de-aceite-de-500ml-3-botellas-de-aceite-silla-de-500ml\/"},"modified":"2026-01-26T15:54:21","modified_gmt":"2026-01-26T15:54:21","slug":"3-botellas-de-aceite-de-500ml-3-botellas-de-aceite-silla-de-500ml","status":"publish","type":"product","link":"https:\/\/olisolivellas.com\/de\/producto\/3-botellas-de-aceite-de-500ml-3-botellas-de-aceite-silla-de-500ml\/","title":{"rendered":"3 Flaschen natives Oliven\u00f6l Solivellas (500ml) + 3 Flaschen natives Oliven\u00f6l S&#8217;Illa Frantoio (500ml)"},"content":{"rendered":"<p id=\"tw-target-text\" class=\"tw-data-text tw-text-large XcVN5d tw-ta\" dir=\"ltr\" data-placeholder=\"Traducci\u00f3n\"><span lang=\"de\">Box mit 3 Flaschen natives Oliven\u00f6l extra Solivellas und 3 Flaschen natives Oliven\u00f6l extra S&#8217;Illa der Sorte Frantoio<\/span><\/p>\n","protected":false},"excerpt":{"rendered":"<p><span lang=\"de\">Box mit 3 FlaschenSolivellas und 3 Flaschen S&#8217;Illa der Sorte Frantoio<\/span><\/p>\n","protected":false},"featured_media":13088,"template":"","meta":[],"product_cat":[304],"product_tag":[],"yoast_head":"<!-- This site is optimized with the Yoast SEO plugin v22.9 - https:\/\/yoast.com\/wordpress\/plugins\/seo\/ -->\n<title>Pack 3 Flaschen 500ml + 3 Flaschen Silla - Solivellas<\/title>\n<meta name=\"description\" content=\"3 Dosen Solivellas und 3 Flaschen Silla Oliven\u00f6l. Ein St\u00fcck Mallorca f\u00fcr Ihr Zuhause. Jetzt kaufen!\" \/>\n<meta name=\"robots\" content=\"index, follow, max-snippet:-1, max-image-preview:large, max-video-preview:-1\" \/>\n<link rel=\"canonical\" href=\"https:\/\/olisolivellas.com\/de\/producto\/3-botellas-de-aceite-de-500ml-3-botellas-de-aceite-silla-de-500ml\/\" \/>\n<meta property=\"og:locale\" content=\"de_DE\" \/>\n<meta property=\"og:type\" content=\"article\" \/>\n<meta property=\"og:title\" content=\"Pack 3 Flaschen 500ml + 3 Flaschen Silla - Solivellas\" \/>\n<meta property=\"og:description\" content=\"3 Dosen Solivellas und 3 Flaschen Silla Oliven\u00f6l. Ein St\u00fcck Mallorca f\u00fcr Ihr Zuhause. Jetzt kaufen!\" \/>\n<meta property=\"og:url\" content=\"https:\/\/olisolivellas.com\/de\/producto\/3-botellas-de-aceite-de-500ml-3-botellas-de-aceite-silla-de-500ml\/\" \/>\n<meta property=\"og:site_name\" content=\"OLI SOLIVELLAS | La esencia de Mallorca\" \/>\n<meta property=\"article:publisher\" content=\"https:\/\/es-es.facebook.com\/OliSolivellas\" \/>\n<meta property=\"article:modified_time\" content=\"2026-01-26T15:54:21+00:00\" \/>\n<meta property=\"og:image\" content=\"https:\/\/olisolivellas.com\/wp-content\/uploads\/2015\/04\/Solivellas-i-Frantoio-2.jpg\" \/>\n\t<meta property=\"og:image:width\" content=\"1000\" \/>\n\t<meta property=\"og:image:height\" content=\"1140\" \/>\n\t<meta property=\"og:image:type\" content=\"image\/jpeg\" \/>\n<meta name=\"twitter:card\" content=\"summary_large_image\" \/>\n<meta name=\"twitter:site\" content=\"@OliSolivellas\" \/>\n<meta name=\"twitter:label1\" content=\"Gesch\u00e4tzte Lesezeit\" \/>\n\t<meta name=\"twitter:data1\" content=\"1\u00a0Minute\" \/>\n<script type=\"application\/ld+json\" class=\"yoast-schema-graph\">{\"@context\":\"https:\/\/schema.org\",\"@graph\":[{\"@type\":\"WebPage\",\"@id\":\"https:\/\/olisolivellas.com\/de\/producto\/3-botellas-de-aceite-de-500ml-3-botellas-de-aceite-silla-de-500ml\/\",\"url\":\"https:\/\/olisolivellas.com\/de\/producto\/3-botellas-de-aceite-de-500ml-3-botellas-de-aceite-silla-de-500ml\/\",\"name\":\"Pack 3 Flaschen 500ml + 3 Flaschen Silla - Solivellas\",\"isPartOf\":{\"@id\":\"https:\/\/olisolivellas.com\/de\/#website\"},\"primaryImageOfPage\":{\"@id\":\"https:\/\/olisolivellas.com\/de\/producto\/3-botellas-de-aceite-de-500ml-3-botellas-de-aceite-silla-de-500ml\/#primaryimage\"},\"image\":{\"@id\":\"https:\/\/olisolivellas.com\/de\/producto\/3-botellas-de-aceite-de-500ml-3-botellas-de-aceite-silla-de-500ml\/#primaryimage\"},\"thumbnailUrl\":\"https:\/\/olisolivellas.com\/wp-content\/uploads\/2015\/04\/Solivellas-i-Frantoio-2.jpg\",\"datePublished\":\"2015-04-16T11:45:25+00:00\",\"dateModified\":\"2026-01-26T15:54:21+00:00\",\"description\":\"3 Dosen Solivellas und 3 Flaschen Silla Oliven\u00f6l. Ein St\u00fcck Mallorca f\u00fcr Ihr Zuhause. Jetzt kaufen!\",\"breadcrumb\":{\"@id\":\"https:\/\/olisolivellas.com\/de\/producto\/3-botellas-de-aceite-de-500ml-3-botellas-de-aceite-silla-de-500ml\/#breadcrumb\"},\"inLanguage\":\"de\",\"potentialAction\":[{\"@type\":\"ReadAction\",\"target\":[\"https:\/\/olisolivellas.com\/de\/producto\/3-botellas-de-aceite-de-500ml-3-botellas-de-aceite-silla-de-500ml\/\"]}]},{\"@type\":\"ImageObject\",\"inLanguage\":\"de\",\"@id\":\"https:\/\/olisolivellas.com\/de\/producto\/3-botellas-de-aceite-de-500ml-3-botellas-de-aceite-silla-de-500ml\/#primaryimage\",\"url\":\"https:\/\/olisolivellas.com\/wp-content\/uploads\/2015\/04\/Solivellas-i-Frantoio-2.jpg\",\"contentUrl\":\"https:\/\/olisolivellas.com\/wp-content\/uploads\/2015\/04\/Solivellas-i-Frantoio-2.jpg\",\"width\":1000,\"height\":1140,\"caption\":\"Aceite de oliva virgen extra Solivellas i Frantoio en envase de vidrio.\"},{\"@type\":\"BreadcrumbList\",\"@id\":\"https:\/\/olisolivellas.com\/de\/producto\/3-botellas-de-aceite-de-500ml-3-botellas-de-aceite-silla-de-500ml\/#breadcrumb\",\"itemListElement\":[{\"@type\":\"ListItem\",\"position\":1,\"name\":\"Portada\",\"item\":\"https:\/\/olisolivellas.com\/de\/\"},{\"@type\":\"ListItem\",\"position\":2,\"name\":\"Online-Shop\",\"item\":\"https:\/\/olisolivellas.com\/de\/tienda\/\"},{\"@type\":\"ListItem\",\"position\":3,\"name\":\"3 Flaschen natives Oliven\u00f6l Solivellas (500ml) + 3 Flaschen natives Oliven\u00f6l S&#8217;Illa Frantoio (500ml)\"}]},{\"@type\":\"WebSite\",\"@id\":\"https:\/\/olisolivellas.com\/de\/#website\",\"url\":\"https:\/\/olisolivellas.com\/de\/\",\"name\":\"OLI SOLIVELLAS | La esencia de Mallorca\",\"description\":\"Oli de Mallorca, Denominaci\u00f3 de Origen Protegida\",\"publisher\":{\"@id\":\"https:\/\/olisolivellas.com\/de\/#organization\"},\"potentialAction\":[{\"@type\":\"SearchAction\",\"target\":{\"@type\":\"EntryPoint\",\"urlTemplate\":\"https:\/\/olisolivellas.com\/de\/?s={search_term_string}\"},\"query-input\":\"required name=search_term_string\"}],\"inLanguage\":\"de\"},{\"@type\":\"Organization\",\"@id\":\"https:\/\/olisolivellas.com\/de\/#organization\",\"name\":\"Oli Solivellas\",\"alternateName\":\"Solivellas\",\"url\":\"https:\/\/olisolivellas.com\/de\/\",\"logo\":{\"@type\":\"ImageObject\",\"inLanguage\":\"de\",\"@id\":\"https:\/\/olisolivellas.com\/de\/#\/schema\/logo\/image\/\",\"url\":\"https:\/\/olisolivellas.com\/wp-content\/uploads\/2018\/04\/logo.png\",\"contentUrl\":\"https:\/\/olisolivellas.com\/wp-content\/uploads\/2018\/04\/logo.png\",\"width\":238,\"height\":46,\"caption\":\"Oli Solivellas\"},\"image\":{\"@id\":\"https:\/\/olisolivellas.com\/de\/#\/schema\/logo\/image\/\"},\"sameAs\":[\"https:\/\/es-es.facebook.com\/OliSolivellas\",\"https:\/\/x.com\/OliSolivellas\",\"https:\/\/www.instagram.com\/oli_solivellas\/\"]}]}<\/script>\n<!-- \/ Yoast SEO plugin. -->","yoast_head_json":{"title":"Pack 3 Flaschen 500ml + 3 Flaschen Silla - Solivellas","description":"3 Dosen Solivellas und 3 Flaschen Silla Oliven\u00f6l. Ein St\u00fcck Mallorca f\u00fcr Ihr Zuhause. Jetzt kaufen!","robots":{"index":"index","follow":"follow","max-snippet":"max-snippet:-1","max-image-preview":"max-image-preview:large","max-video-preview":"max-video-preview:-1"},"canonical":"https:\/\/olisolivellas.com\/de\/producto\/3-botellas-de-aceite-de-500ml-3-botellas-de-aceite-silla-de-500ml\/","og_locale":"de_DE","og_type":"article","og_title":"Pack 3 Flaschen 500ml + 3 Flaschen Silla - Solivellas","og_description":"3 Dosen Solivellas und 3 Flaschen Silla Oliven\u00f6l. Ein St\u00fcck Mallorca f\u00fcr Ihr Zuhause. Jetzt kaufen!","og_url":"https:\/\/olisolivellas.com\/de\/producto\/3-botellas-de-aceite-de-500ml-3-botellas-de-aceite-silla-de-500ml\/","og_site_name":"OLI SOLIVELLAS | La esencia de Mallorca","article_publisher":"https:\/\/es-es.facebook.com\/OliSolivellas","article_modified_time":"2026-01-26T15:54:21+00:00","og_image":[{"width":1000,"height":1140,"url":"https:\/\/olisolivellas.com\/wp-content\/uploads\/2015\/04\/Solivellas-i-Frantoio-2.jpg","type":"image\/jpeg"}],"twitter_card":"summary_large_image","twitter_site":"@OliSolivellas","twitter_misc":{"Gesch\u00e4tzte Lesezeit":"1\u00a0Minute"},"schema":{"@context":"https:\/\/schema.org","@graph":[{"@type":"WebPage","@id":"https:\/\/olisolivellas.com\/de\/producto\/3-botellas-de-aceite-de-500ml-3-botellas-de-aceite-silla-de-500ml\/","url":"https:\/\/olisolivellas.com\/de\/producto\/3-botellas-de-aceite-de-500ml-3-botellas-de-aceite-silla-de-500ml\/","name":"Pack 3 Flaschen 500ml + 3 Flaschen Silla - Solivellas","isPartOf":{"@id":"https:\/\/olisolivellas.com\/de\/#website"},"primaryImageOfPage":{"@id":"https:\/\/olisolivellas.com\/de\/producto\/3-botellas-de-aceite-de-500ml-3-botellas-de-aceite-silla-de-500ml\/#primaryimage"},"image":{"@id":"https:\/\/olisolivellas.com\/de\/producto\/3-botellas-de-aceite-de-500ml-3-botellas-de-aceite-silla-de-500ml\/#primaryimage"},"thumbnailUrl":"https:\/\/olisolivellas.com\/wp-content\/uploads\/2015\/04\/Solivellas-i-Frantoio-2.jpg","datePublished":"2015-04-16T11:45:25+00:00","dateModified":"2026-01-26T15:54:21+00:00","description":"3 Dosen Solivellas und 3 Flaschen Silla Oliven\u00f6l. Ein St\u00fcck Mallorca f\u00fcr Ihr Zuhause. Jetzt kaufen!","breadcrumb":{"@id":"https:\/\/olisolivellas.com\/de\/producto\/3-botellas-de-aceite-de-500ml-3-botellas-de-aceite-silla-de-500ml\/#breadcrumb"},"inLanguage":"de","potentialAction":[{"@type":"ReadAction","target":["https:\/\/olisolivellas.com\/de\/producto\/3-botellas-de-aceite-de-500ml-3-botellas-de-aceite-silla-de-500ml\/"]}]},{"@type":"ImageObject","inLanguage":"de","@id":"https:\/\/olisolivellas.com\/de\/producto\/3-botellas-de-aceite-de-500ml-3-botellas-de-aceite-silla-de-500ml\/#primaryimage","url":"https:\/\/olisolivellas.com\/wp-content\/uploads\/2015\/04\/Solivellas-i-Frantoio-2.jpg","contentUrl":"https:\/\/olisolivellas.com\/wp-content\/uploads\/2015\/04\/Solivellas-i-Frantoio-2.jpg","width":1000,"height":1140,"caption":"Aceite de oliva virgen extra Solivellas i Frantoio en envase de vidrio."},{"@type":"BreadcrumbList","@id":"https:\/\/olisolivellas.com\/de\/producto\/3-botellas-de-aceite-de-500ml-3-botellas-de-aceite-silla-de-500ml\/#breadcrumb","itemListElement":[{"@type":"ListItem","position":1,"name":"Portada","item":"https:\/\/olisolivellas.com\/de\/"},{"@type":"ListItem","position":2,"name":"Online-Shop","item":"https:\/\/olisolivellas.com\/de\/tienda\/"},{"@type":"ListItem","position":3,"name":"3 Flaschen natives Oliven\u00f6l Solivellas (500ml) + 3 Flaschen natives Oliven\u00f6l S&#8217;Illa Frantoio (500ml)"}]},{"@type":"WebSite","@id":"https:\/\/olisolivellas.com\/de\/#website","url":"https:\/\/olisolivellas.com\/de\/","name":"OLI SOLIVELLAS | La esencia de Mallorca","description":"Oli de Mallorca, Denominaci\u00f3 de Origen Protegida","publisher":{"@id":"https:\/\/olisolivellas.com\/de\/#organization"},"potentialAction":[{"@type":"SearchAction","target":{"@type":"EntryPoint","urlTemplate":"https:\/\/olisolivellas.com\/de\/?s={search_term_string}"},"query-input":"required name=search_term_string"}],"inLanguage":"de"},{"@type":"Organization","@id":"https:\/\/olisolivellas.com\/de\/#organization","name":"Oli Solivellas","alternateName":"Solivellas","url":"https:\/\/olisolivellas.com\/de\/","logo":{"@type":"ImageObject","inLanguage":"de","@id":"https:\/\/olisolivellas.com\/de\/#\/schema\/logo\/image\/","url":"https:\/\/olisolivellas.com\/wp-content\/uploads\/2018\/04\/logo.png","contentUrl":"https:\/\/olisolivellas.com\/wp-content\/uploads\/2018\/04\/logo.png","width":238,"height":46,"caption":"Oli Solivellas"},"image":{"@id":"https:\/\/olisolivellas.com\/de\/#\/schema\/logo\/image\/"},"sameAs":["https:\/\/es-es.facebook.com\/OliSolivellas","https:\/\/x.com\/OliSolivellas","https:\/\/www.instagram.com\/oli_solivellas\/"]}]}},"_links":{"self":[{"href":"https:\/\/olisolivellas.com\/de\/wp-json\/wp\/v2\/product\/9506"}],"collection":[{"href":"https:\/\/olisolivellas.com\/de\/wp-json\/wp\/v2\/product"}],"about":[{"href":"https:\/\/olisolivellas.com\/de\/wp-json\/wp\/v2\/types\/product"}],"wp:featuredmedia":[{"embeddable":true,"href":"https:\/\/olisolivellas.com\/de\/wp-json\/wp\/v2\/media\/13088"}],"wp:attachment":[{"href":"https:\/\/olisolivellas.com\/de\/wp-json\/wp\/v2\/media?parent=9506"}],"wp:term":[{"taxonomy":"product_cat","embeddable":true,"href":"https:\/\/olisolivellas.com\/de\/wp-json\/wp\/v2\/product_cat?post=9506"},{"taxonomy":"product_tag","embeddable":true,"href":"https:\/\/olisolivellas.com\/de\/wp-json\/wp\/v2\/product_tag?post=9506"}],"curies":[{"name":"wp","href":"https:\/\/api.w.org\/{rel}","templated":true}]}}